{"id":4675,"date":"2025-02-11T11:38:26","date_gmt":"2025-02-11T10:38:26","guid":{"rendered":"https:\/\/www.avconyacht.at\/imprint\/"},"modified":"2025-05-30T14:25:00","modified_gmt":"2025-05-30T12:25:00","slug":"imprint","status":"publish","type":"page","link":"https:\/\/www.avconyacht.at\/en\/imprint\/","title":{"rendered":"Imprint"},"content":{"rendered":"\t\t<div data-elementor-type=\"wp-page\" data-elementor-id=\"4675\" class=\"elementor elementor-4675 elementor-1865\" data-elementor-post-type=\"page\">\n\t\t\t\t<div class=\"elementor-element elementor-element-764fd8b e-flex e-con-boxed e-con e-parent\" data-id=\"764fd8b\" data-element_type=\"container\" data-e-type=\"container\">\n\t\t\t\t\t<div class=\"e-con-inner\">\n\t\t<div class=\"elementor-element elementor-element-a5eb389 e-con-full e-flex e-con e-child\" data-id=\"a5eb389\" data-element_type=\"container\" data-e-type=\"container\">\n\t\t\t\t<div class=\"elementor-element elementor-element-e598f2b elementor-widget elementor-widget-heading\" data-id=\"e598f2b\" data-element_type=\"widget\" data-e-type=\"widget\" data-widget_type=\"heading.default\">\n\t\t\t\t\t<h5 class=\"elementor-heading-title elementor-size-default\">Avcon Yacht GmbH<\/h5>\t\t\t\t<\/div>\n\t\t\t\t<div class=\"elementor-element elementor-element-5c63131 elementor-widget elementor-widget-text-editor\" data-id=\"5c63131\" data-element_type=\"widget\" data-e-type=\"widget\" data-widget_type=\"text-editor.default\">\n\t\t\t\t\t\t\t\t\t<p>Wohllebengasse 12-14, 4th floor<br>1040 Vienna &#8211; Austria<\/p>\t\t\t\t\t\t\t\t<\/div>\n\t\t<div class=\"elementor-element elementor-element-9984b81 e-con-full e-flex e-con e-child\" data-id=\"9984b81\" data-element_type=\"container\" data-e-type=\"container\">\n\t\t\t\t<div class=\"elementor-element elementor-element-9122194 elementor-view-default elementor-widget elementor-widget-icon\" data-id=\"9122194\" data-element_type=\"widget\" data-e-type=\"widget\" data-widget_type=\"icon.default\">\n\t\t\t\t\t\t\t<div class=\"elementor-icon-wrapper\">\n\t\t\t<div class=\"elementor-icon\">\n\t\t\t<i aria-hidden=\"true\" class=\"avconyacht avconyacht-call\"><\/i>\t\t\t<\/div>\n\t\t<\/div>\n\t\t\t\t\t\t<\/div>\n\t\t\t\t<div class=\"elementor-element elementor-element-5551bcb elementor-widget__width-auto elementor-widget elementor-widget-text-editor\" data-id=\"5551bcb\" data-element_type=\"widget\" data-e-type=\"widget\" data-widget_type=\"text-editor.default\">\n\t\t\t\t\t\t\t\t\t<a href=\"tel:+436767640013\">+43 676 7640013<\/a>\t\t\t\t\t\t\t\t<\/div>\n\t\t\t\t<\/div>\n\t\t<div class=\"elementor-element elementor-element-29d256d e-con-full e-flex e-con e-child\" data-id=\"29d256d\" data-element_type=\"container\" data-e-type=\"container\">\n\t\t\t\t<div class=\"elementor-element elementor-element-f808aec elementor-view-default elementor-widget elementor-widget-icon\" data-id=\"f808aec\" data-element_type=\"widget\" data-e-type=\"widget\" data-widget_type=\"icon.default\">\n\t\t\t\t\t\t\t<div class=\"elementor-icon-wrapper\">\n\t\t\t<div class=\"elementor-icon\">\n\t\t\t<i aria-hidden=\"true\" class=\"avconyacht avconyacht-mail\"><\/i>\t\t\t<\/div>\n\t\t<\/div>\n\t\t\t\t\t\t<\/div>\n\t\t\t\t<div class=\"elementor-element elementor-element-817f28a elementor-widget__width-auto elementor-widget elementor-widget-text-editor\" data-id=\"817f28a\" data-element_type=\"widget\" data-e-type=\"widget\" data-widget_type=\"text-editor.default\">\n\t\t\t\t\t\t\t\t\t<a href=\"mailto:office@avconyacht.com\">office@avconyacht.com<\/a>\t\t\t\t\t\t\t\t<\/div>\n\t\t\t\t<\/div>\n\t\t\t\t<div class=\"elementor-element elementor-element-d712d42 elementor-widget elementor-widget-text-editor\" data-id=\"d712d42\" data-element_type=\"widget\" data-e-type=\"widget\" data-widget_type=\"text-editor.default\">\n\t\t\t\t\t\t\t\t\t<p><span lang=\"DE-AT\">Company register number: <br><\/span><span lang=\"DE-AT\"><em>FN 442628 z<\/em><\/span><\/p>\t\t\t\t\t\t\t\t<\/div>\n\t\t\t\t<div class=\"elementor-element elementor-element-12ae907 elementor-widget elementor-widget-text-editor\" data-id=\"12ae907\" data-element_type=\"widget\" data-e-type=\"widget\" data-widget_type=\"text-editor.default\">\n\t\t\t\t\t\t\t\t\t<p><span lang=\"DE-AT\">UID number: <br><em>ATU70393424<\/em><\/span><\/p>\t\t\t\t\t\t\t\t<\/div>\n\t\t\t\t<div class=\"elementor-element elementor-element-381eb63 elementor-drop-cap-yes elementor-drop-cap-view-default elementor-widget elementor-widget-text-editor\" data-id=\"381eb63\" data-element_type=\"widget\" data-e-type=\"widget\" data-settings=\"{&quot;drop_cap&quot;:&quot;yes&quot;}\" data-widget_type=\"text-editor.default\">\n\t\t\t\t\t\t\t\t\t<p><span lang=\"DE-AT\">Place of jurisdiction: <br><em>Austria<\/em><\/span><\/p>\t\t\t\t\t\t\t\t<\/div>\n\t\t\t\t<\/div>\n\t\t\t\t\t<\/div>\n\t\t\t\t<\/div>\n\t\t\t\t<\/div>\n\t\t","protected":false},"excerpt":{"rendered":"<p>Avcon Yacht GmbH Wohllebengasse 12-14, 4th floor1040 Vienna &#8211; Austria +43 676 7640013 office@avconyacht.com Company register number: FN 442628 z UID number: ATU70393424 Place of jurisdiction: Austria<\/p>\n","protected":false},"author":2,"featured_media":0,"parent":0,"menu_order":0,"comment_status":"closed","ping_status":"closed","template":"","meta":{"_acf_changed":false,"footnotes":""},"folder":[],"class_list":["post-4675","page","type-page","status-publish","hentry"],"acf":[],"yoast_head":"<!-- This site is optimized with the Yoast SEO plugin v27.5 - https:\/\/yoast.com\/product\/yoast-seo-wordpress\/ -->\n<title>Imprint - Avcon Yacht<\/title>\n<meta name=\"description\" content=\"Visit our imprint page for all statutory information. Trust and transparency at Avcon Yacht\u2014learn more about us today.\" \/>\n<meta name=\"robots\" content=\"index, follow, max-snippet:-1, max-image-preview:large, max-video-preview:-1\" \/>\n<link rel=\"canonical\" href=\"https:\/\/www.avconyacht.at\/en\/imprint\/\" \/>\n<meta property=\"og:locale\" content=\"en_US\" \/>\n<meta property=\"og:type\" content=\"article\" \/>\n<meta property=\"og:title\" content=\"Imprint - Avcon Yacht\" \/>\n<meta property=\"og:description\" content=\"Visit our imprint page for all statutory information. Trust and transparency at Avcon Yacht\u2014learn more about us today.\" \/>\n<meta property=\"og:url\" content=\"https:\/\/www.avconyacht.at\/en\/imprint\/\" \/>\n<meta property=\"og:site_name\" content=\"Avcon Yacht\" \/>\n<meta property=\"article:modified_time\" content=\"2025-05-30T12:25:00+00:00\" \/>\n<meta name=\"twitter:card\" content=\"summary_large_image\" \/>\n<script type=\"application\/ld+json\" class=\"yoast-schema-graph\">{\"@context\":\"https:\\\/\\\/schema.org\",\"@graph\":[{\"@type\":\"WebPage\",\"@id\":\"https:\\\/\\\/www.avconyacht.at\\\/en\\\/imprint\\\/\",\"url\":\"https:\\\/\\\/www.avconyacht.at\\\/en\\\/imprint\\\/\",\"name\":\"Imprint - Avcon Yacht\",\"isPartOf\":{\"@id\":\"https:\\\/\\\/www.avconyacht.at\\\/en\\\/#website\"},\"datePublished\":\"2025-02-11T10:38:26+00:00\",\"dateModified\":\"2025-05-30T12:25:00+00:00\",\"description\":\"Visit our imprint page for all statutory information. Trust and transparency at Avcon Yacht\u2014learn more about us today.\",\"breadcrumb\":{\"@id\":\"https:\\\/\\\/www.avconyacht.at\\\/en\\\/imprint\\\/#breadcrumb\"},\"inLanguage\":\"en-US\",\"potentialAction\":[{\"@type\":\"ReadAction\",\"target\":[\"https:\\\/\\\/www.avconyacht.at\\\/en\\\/imprint\\\/\"]}]},{\"@type\":\"BreadcrumbList\",\"@id\":\"https:\\\/\\\/www.avconyacht.at\\\/en\\\/imprint\\\/#breadcrumb\",\"itemListElement\":[{\"@type\":\"ListItem\",\"position\":1,\"name\":\"Startseite\",\"item\":\"https:\\\/\\\/www.avconyacht.at\\\/en\\\/luxury-yachts-in-austria-avcon-yacht\\\/\"},{\"@type\":\"ListItem\",\"position\":2,\"name\":\"Imprint\"}]},{\"@type\":\"WebSite\",\"@id\":\"https:\\\/\\\/www.avconyacht.at\\\/en\\\/#website\",\"url\":\"https:\\\/\\\/www.avconyacht.at\\\/en\\\/\",\"name\":\"Avcon Yacht \u00d6sterreich\",\"description\":\"Erleben Sie erstklassige Luxusyachten in \u00d6sterreich bei Avcon Yacht. Besuchen Sie uns f\u00fcr exklusive Modelle und Top-Angebote!\",\"publisher\":{\"@id\":\"https:\\\/\\\/www.avconyacht.at\\\/en\\\/#organization\"},\"potentialAction\":[{\"@type\":\"SearchAction\",\"target\":{\"@type\":\"EntryPoint\",\"urlTemplate\":\"https:\\\/\\\/www.avconyacht.at\\\/en\\\/?s={search_term_string}\"},\"query-input\":{\"@type\":\"PropertyValueSpecification\",\"valueRequired\":true,\"valueName\":\"search_term_string\"}}],\"inLanguage\":\"en-US\"},{\"@type\":\"Organization\",\"@id\":\"https:\\\/\\\/www.avconyacht.at\\\/en\\\/#organization\",\"name\":\"Avcon Yacht \u00d6sterreich\",\"url\":\"https:\\\/\\\/www.avconyacht.at\\\/en\\\/\",\"logo\":{\"@type\":\"ImageObject\",\"inLanguage\":\"en-US\",\"@id\":\"https:\\\/\\\/www.avconyacht.at\\\/en\\\/#\\\/schema\\\/logo\\\/image\\\/\",\"url\":\"https:\\\/\\\/www.avconyacht.at\\\/wp-content\\\/uploads\\\/2024\\\/02\\\/Avcon-Yacht_Logo.svg\",\"contentUrl\":\"https:\\\/\\\/www.avconyacht.at\\\/wp-content\\\/uploads\\\/2024\\\/02\\\/Avcon-Yacht_Logo.svg\",\"width\":168,\"height\":36,\"caption\":\"Avcon Yacht \u00d6sterreich\"},\"image\":{\"@id\":\"https:\\\/\\\/www.avconyacht.at\\\/en\\\/#\\\/schema\\\/logo\\\/image\\\/\"}}]}<\/script>\n<!-- \/ Yoast SEO plugin. -->","yoast_head_json":{"title":"Imprint - Avcon Yacht","description":"Visit our imprint page for all statutory information. Trust and transparency at Avcon Yacht\u2014learn more about us today.","robots":{"index":"index","follow":"follow","max-snippet":"max-snippet:-1","max-image-preview":"max-image-preview:large","max-video-preview":"max-video-preview:-1"},"canonical":"https:\/\/www.avconyacht.at\/en\/imprint\/","og_locale":"en_US","og_type":"article","og_title":"Imprint - Avcon Yacht","og_description":"Visit our imprint page for all statutory information. Trust and transparency at Avcon Yacht\u2014learn more about us today.","og_url":"https:\/\/www.avconyacht.at\/en\/imprint\/","og_site_name":"Avcon Yacht","article_modified_time":"2025-05-30T12:25:00+00:00","twitter_card":"summary_large_image","schema":{"@context":"https:\/\/schema.org","@graph":[{"@type":"WebPage","@id":"https:\/\/www.avconyacht.at\/en\/imprint\/","url":"https:\/\/www.avconyacht.at\/en\/imprint\/","name":"Imprint - Avcon Yacht","isPartOf":{"@id":"https:\/\/www.avconyacht.at\/en\/#website"},"datePublished":"2025-02-11T10:38:26+00:00","dateModified":"2025-05-30T12:25:00+00:00","description":"Visit our imprint page for all statutory information. Trust and transparency at Avcon Yacht\u2014learn more about us today.","breadcrumb":{"@id":"https:\/\/www.avconyacht.at\/en\/imprint\/#breadcrumb"},"inLanguage":"en-US","potentialAction":[{"@type":"ReadAction","target":["https:\/\/www.avconyacht.at\/en\/imprint\/"]}]},{"@type":"BreadcrumbList","@id":"https:\/\/www.avconyacht.at\/en\/imprint\/#breadcrumb","itemListElement":[{"@type":"ListItem","position":1,"name":"Startseite","item":"https:\/\/www.avconyacht.at\/en\/luxury-yachts-in-austria-avcon-yacht\/"},{"@type":"ListItem","position":2,"name":"Imprint"}]},{"@type":"WebSite","@id":"https:\/\/www.avconyacht.at\/en\/#website","url":"https:\/\/www.avconyacht.at\/en\/","name":"Avcon Yacht \u00d6sterreich","description":"Erleben Sie erstklassige Luxusyachten in \u00d6sterreich bei Avcon Yacht. Besuchen Sie uns f\u00fcr exklusive Modelle und Top-Angebote!","publisher":{"@id":"https:\/\/www.avconyacht.at\/en\/#organization"},"potentialAction":[{"@type":"SearchAction","target":{"@type":"EntryPoint","urlTemplate":"https:\/\/www.avconyacht.at\/en\/?s={search_term_string}"},"query-input":{"@type":"PropertyValueSpecification","valueRequired":true,"valueName":"search_term_string"}}],"inLanguage":"en-US"},{"@type":"Organization","@id":"https:\/\/www.avconyacht.at\/en\/#organization","name":"Avcon Yacht \u00d6sterreich","url":"https:\/\/www.avconyacht.at\/en\/","logo":{"@type":"ImageObject","inLanguage":"en-US","@id":"https:\/\/www.avconyacht.at\/en\/#\/schema\/logo\/image\/","url":"https:\/\/www.avconyacht.at\/wp-content\/uploads\/2024\/02\/Avcon-Yacht_Logo.svg","contentUrl":"https:\/\/www.avconyacht.at\/wp-content\/uploads\/2024\/02\/Avcon-Yacht_Logo.svg","width":168,"height":36,"caption":"Avcon Yacht \u00d6sterreich"},"image":{"@id":"https:\/\/www.avconyacht.at\/en\/#\/schema\/logo\/image\/"}}]}},"_links":{"self":[{"href":"https:\/\/www.avconyacht.at\/en\/wp-json\/wp\/v2\/pages\/4675","targetHints":{"allow":["GET"]}}],"collection":[{"href":"https:\/\/www.avconyacht.at\/en\/wp-json\/wp\/v2\/pages"}],"about":[{"href":"https:\/\/www.avconyacht.at\/en\/wp-json\/wp\/v2\/types\/page"}],"author":[{"embeddable":true,"href":"https:\/\/www.avconyacht.at\/en\/wp-json\/wp\/v2\/users\/2"}],"replies":[{"embeddable":true,"href":"https:\/\/www.avconyacht.at\/en\/wp-json\/wp\/v2\/comments?post=4675"}],"version-history":[{"count":4,"href":"https:\/\/www.avconyacht.at\/en\/wp-json\/wp\/v2\/pages\/4675\/revisions"}],"predecessor-version":[{"id":7053,"href":"https:\/\/www.avconyacht.at\/en\/wp-json\/wp\/v2\/pages\/4675\/revisions\/7053"}],"wp:attachment":[{"href":"https:\/\/www.avconyacht.at\/en\/wp-json\/wp\/v2\/media?parent=4675"}],"wp:term":[{"taxonomy":"folder","embeddable":true,"href":"https:\/\/www.avconyacht.at\/en\/wp-json\/wp\/v2\/folder?post=4675"}],"curies":[{"name":"wp","href":"https:\/\/api.w.org\/{rel}","templated":true}]}}