{"id":4679,"date":"2025-02-11T11:56:36","date_gmt":"2025-02-11T10:56:36","guid":{"rendered":"https:\/\/www.avconyacht.at\/brands\/"},"modified":"2025-05-30T14:39:43","modified_gmt":"2025-05-30T12:39:43","slug":"brands","status":"publish","type":"page","link":"https:\/\/www.avconyacht.at\/en\/brands\/","title":{"rendered":"Brands"},"content":{"rendered":"\t\t<div data-elementor-type=\"wp-page\" data-elementor-id=\"4679\" class=\"elementor elementor-4679 elementor-737\" data-elementor-post-type=\"page\">\n\t\t\t\t<div class=\"elementor-element elementor-element-6ef965f e-flex e-con-boxed e-con e-parent\" data-id=\"6ef965f\" data-element_type=\"container\" data-e-type=\"container\">\n\t\t\t\t\t<div class=\"e-con-inner\">\n\t\t\t\t<div class=\"elementor-element elementor-element-e245de3 elementor-widget elementor-widget-heading\" data-id=\"e245de3\" data-element_type=\"widget\" data-e-type=\"widget\" data-widget_type=\"heading.default\">\n\t\t\t\t\t<h2 class=\"elementor-heading-title elementor-size-default\">Brands<\/h2>\t\t\t\t<\/div>\n\t\t\t\t<div class=\"elementor-element elementor-element-4c5e4ab elementor-widget elementor-widget-text-editor\" data-id=\"4c5e4ab\" data-element_type=\"widget\" data-e-type=\"widget\" data-widget_type=\"text-editor.default\">\n\t\t\t\t\t\t\t\t\t<p>Discover our diverse selection of renowned brands that combine quality, innovation and exquisite design. From high-performance sports yachts to luxurious flybridge models, we offer a range that will delight any seafaring enthusiast. Find out about the latest models and find the yacht that perfectly suits your style and requirements. Our brands stand for outstanding seaworthiness, advanced technology and elegant design that will exceed your expectations.<\/p>\t\t\t\t\t\t\t\t<\/div>\n\t\t\t\t<div class=\"elementor-element elementor-element-f0cc496 elementor-grid-2 elementor-grid-tablet-2 elementor-grid-mobile-1 elementor-widget elementor-widget-loop-grid\" data-id=\"f0cc496\" data-element_type=\"widget\" data-e-type=\"widget\" data-settings=\"{&quot;template_id&quot;:4767,&quot;columns&quot;:2,&quot;row_gap_tablet&quot;:{&quot;unit&quot;:&quot;px&quot;,&quot;size&quot;:24,&quot;sizes&quot;:[]},&quot;_skin&quot;:&quot;post&quot;,&quot;columns_tablet&quot;:&quot;2&quot;,&quot;columns_mobile&quot;:&quot;1&quot;,&quot;edit_handle_selector&quot;:&quot;[data-elementor-type=\\&quot;loop-item\\&quot;]&quot;,&quot;row_gap&quot;:{&quot;unit&quot;:&quot;px&quot;,&quot;size&quot;:&quot;&quot;,&quot;sizes&quot;:[]},&quot;row_gap_laptop&quot;:{&quot;unit&quot;:&quot;px&quot;,&quot;size&quot;:&quot;&quot;,&quot;sizes&quot;:[]},&quot;row_gap_mobile&quot;:{&quot;unit&quot;:&quot;px&quot;,&quot;size&quot;:&quot;&quot;,&quot;sizes&quot;:[]}}\" data-widget_type=\"loop-grid.post\">\n\t\t\t\t<div class=\"elementor-widget-container\">\n\t\t\t\t\t\t\t<div class=\"elementor-loop-container elementor-grid\" role=\"list\">\n\t\t<style id=\"loop-dynamic-4767\">.e-loop-item-7187 .elementor-element.elementor-element-2d0922c:not(.elementor-motion-effects-element-type-background), .e-loop-item-7187 .elementor-element.elementor-element-2d0922c > .elementor-motion-effects-container > .elementor-motion-effects-layer{background-image:url(\"https:\/\/www.avconyacht.at\/wp-content\/uploads\/2025\/05\/Avcon-Yacht_Veloce-V755-ext_07.webp\");}<\/style><style id=\"loop-4767\">.elementor-4767 .elementor-element.elementor-element-f77bf43{--display:flex;--justify-content:center;--align-items:center;--container-widget-width:calc( ( 1 - var( --container-widget-flex-grow ) ) * 100% );--overflow:hidden;--border-radius:24px 24px 24px 24px;--margin-top:0px;--margin-bottom:0px;--margin-left:0px;--margin-right:0px;--padding-top:0px;--padding-bottom:0px;--padding-left:0px;--padding-right:0px;}.elementor-widget-image .widget-image-caption{color:var( --e-global-color-text );font-family:var( --e-global-typography-text-font-family ), Sans-serif;font-size:var( --e-global-typography-text-font-size );font-weight:var( --e-global-typography-text-font-weight );}.elementor-4767 .elementor-element.elementor-element-3f0fd10 img{width:240px;max-width:100%;border-radius:0px 0px 0px 0px;}.elementor-4767 .elementor-element.elementor-element-3f0fd10{z-index:4;}.elementor-4767 .elementor-element.elementor-element-2d0922c{--display:flex;--min-height:500px;--overlay-opacity:0.4;--padding-top:0px;--padding-bottom:0px;--padding-left:0px;--padding-right:0px;}.elementor-4767 .elementor-element.elementor-element-2d0922c:not(.elementor-motion-effects-element-type-background), .elementor-4767 .elementor-element.elementor-element-2d0922c > .elementor-motion-effects-container > .elementor-motion-effects-layer{background-position:center center;background-repeat:no-repeat;background-size:cover;}.elementor-4767 .elementor-element.elementor-element-2d0922c::before, .elementor-4767 .elementor-element.elementor-element-2d0922c > .elementor-background-video-container::before, .elementor-4767 .elementor-element.elementor-element-2d0922c > .e-con-inner > .elementor-background-video-container::before, .elementor-4767 .elementor-element.elementor-element-2d0922c > .elementor-background-slideshow::before, .elementor-4767 .elementor-element.elementor-element-2d0922c > .e-con-inner > .elementor-background-slideshow::before, .elementor-4767 .elementor-element.elementor-element-2d0922c > .elementor-motion-effects-container > .elementor-motion-effects-layer::before{--background-overlay:'';background-color:var( --e-global-color-text );}@media(max-width:1366px){.elementor-widget-image .widget-image-caption{font-size:var( --e-global-typography-text-font-size );}.elementor-4767 .elementor-element.elementor-element-3f0fd10 img{height:32px;}.elementor-4767 .elementor-element.elementor-element-2d0922c{--min-height:248px;}}@media(max-width:1024px){.elementor-widget-image .widget-image-caption{font-size:var( --e-global-typography-text-font-size );}}@media(max-width:767px){.elementor-widget-image .widget-image-caption{font-size:var( --e-global-typography-text-font-size );}.elementor-4767 .elementor-element.elementor-element-3f0fd10 img{height:48px;object-fit:contain;}}<\/style>\t\t<div data-elementor-type=\"loop-item\" data-elementor-id=\"4767\" class=\"elementor elementor-4767 elementor-1163 elementor-1163 e-loop-item e-loop-item-7187 post-7187 hersteller type-hersteller status-publish has-post-thumbnail hentry marke-veloce-yachts\" data-elementor-post-type=\"elementor_library\" data-custom-edit-handle=\"1\">\n\t\t\t<a class=\"elementor-element elementor-element-f77bf43 e-con-full marke-card e-flex e-con e-parent\" data-id=\"f77bf43\" data-element_type=\"container\" data-e-type=\"container\" href=\"\/en\/brands\/veloce-yachts\/\">\n\t\t\t\t<div class=\"elementor-element elementor-element-3f0fd10 elementor-absolute logo elementor-widget elementor-widget-image\" data-id=\"3f0fd10\" data-element_type=\"widget\" data-e-type=\"widget\" data-settings=\"{&quot;_position&quot;:&quot;absolute&quot;}\" data-widget_type=\"image.default\">\n\t\t\t\t\t\t\t\t\t\t\t\t\t\t\t<img decoding=\"async\" width=\"768\" height=\"239\" src=\"https:\/\/www.avconyacht.at\/wp-content\/uploads\/2025\/05\/logo_veloce_yachts-768x239.webp\" class=\"attachment-medium_large size-medium_large wp-image-7090\" alt=\"\" srcset=\"https:\/\/www.avconyacht.at\/wp-content\/uploads\/2025\/05\/logo_veloce_yachts-768x239.webp 768w, https:\/\/www.avconyacht.at\/wp-content\/uploads\/2025\/05\/logo_veloce_yachts-300x93.webp 300w, https:\/\/www.avconyacht.at\/wp-content\/uploads\/2025\/05\/logo_veloce_yachts.webp 1024w\" sizes=\"(max-width: 768px) 100vw, 768px\" \/>\t\t\t\t\t\t\t\t\t\t\t\t\t\t\t<\/div>\n\t\t<div class=\"elementor-element elementor-element-2d0922c e-con-full marke-image e-flex e-con e-child\" data-id=\"2d0922c\" data-element_type=\"container\" data-e-type=\"container\" data-settings=\"{&quot;background_background&quot;:&quot;classic&quot;}\">\n\t\t\t\t<\/div>\n\t\t\t\t<\/a>\n\t\t\t\t<\/div>\n\t\t<style id=\"loop-dynamic-4767\">.e-loop-item-6768 .elementor-element.elementor-element-2d0922c:not(.elementor-motion-effects-element-type-background), .e-loop-item-6768 .elementor-element.elementor-element-2d0922c > .elementor-motion-effects-container > .elementor-motion-effects-layer{background-image:url(\"https:\/\/www.avconyacht.at\/wp-content\/uploads\/2025\/04\/mostes-m34-sport-external.webp\");}<\/style>\t\t<div data-elementor-type=\"loop-item\" data-elementor-id=\"4767\" class=\"elementor elementor-4767 elementor-1163 elementor-1163 e-loop-item e-loop-item-6768 post-6768 hersteller type-hersteller status-publish hentry marke-a-mostes-cantieri\" data-elementor-post-type=\"elementor_library\" data-custom-edit-handle=\"1\">\n\t\t\t<a class=\"elementor-element elementor-element-f77bf43 e-con-full marke-card e-flex e-con e-parent\" data-id=\"f77bf43\" data-element_type=\"container\" data-e-type=\"container\" href=\"\/en\/brands\/a-mostes-cantieri\/\">\n\t\t\t\t<div class=\"elementor-element elementor-element-3f0fd10 elementor-absolute logo elementor-widget elementor-widget-image\" data-id=\"3f0fd10\" data-element_type=\"widget\" data-e-type=\"widget\" data-settings=\"{&quot;_position&quot;:&quot;absolute&quot;}\" data-widget_type=\"image.default\">\n\t\t\t\t\t\t\t\t\t\t\t\t\t\t\t<img decoding=\"async\" width=\"293\" height=\"88\" src=\"https:\/\/www.avconyacht.at\/wp-content\/uploads\/2024\/06\/mostes-logo-white.png\" class=\"attachment-medium_large size-medium_large wp-image-4393\" alt=\"\" \/>\t\t\t\t\t\t\t\t\t\t\t\t\t\t\t<\/div>\n\t\t<div class=\"elementor-element elementor-element-2d0922c e-con-full marke-image e-flex e-con e-child\" data-id=\"2d0922c\" data-element_type=\"container\" data-e-type=\"container\" data-settings=\"{&quot;background_background&quot;:&quot;classic&quot;}\">\n\t\t\t\t<\/div>\n\t\t\t\t<\/a>\n\t\t\t\t<\/div>\n\t\t<style id=\"loop-dynamic-4767\">.e-loop-item-4711 .elementor-element.elementor-element-2d0922c:not(.elementor-motion-effects-element-type-background), .e-loop-item-4711 .elementor-element.elementor-element-2d0922c > .elementor-motion-effects-container > .elementor-motion-effects-layer{background-image:url(\"https:\/\/www.avconyacht.at\/wp-content\/uploads\/2024\/09\/sunreef-yachts-hero.webp\");}<\/style>\t\t<div data-elementor-type=\"loop-item\" data-elementor-id=\"4767\" class=\"elementor elementor-4767 elementor-1163 elementor-1163 e-loop-item e-loop-item-4711 post-4711 hersteller type-hersteller status-publish hentry marke-sunreef-yachts\" data-elementor-post-type=\"elementor_library\" data-custom-edit-handle=\"1\">\n\t\t\t<a class=\"elementor-element elementor-element-f77bf43 e-con-full marke-card e-flex e-con e-parent\" data-id=\"f77bf43\" data-element_type=\"container\" data-e-type=\"container\" href=\"\/en\/brands\/sunreef-yachts\/\">\n\t\t\t\t<div class=\"elementor-element elementor-element-3f0fd10 elementor-absolute logo elementor-widget elementor-widget-image\" data-id=\"3f0fd10\" data-element_type=\"widget\" data-e-type=\"widget\" data-settings=\"{&quot;_position&quot;:&quot;absolute&quot;}\" data-widget_type=\"image.default\">\n\t\t\t\t\t\t\t\t\t\t\t\t\t\t\t<img decoding=\"async\" width=\"768\" height=\"112\" src=\"https:\/\/www.avconyacht.at\/wp-content\/uploads\/2024\/05\/sunreef-yachts-logo-white-official-768x112.png\" class=\"attachment-medium_large size-medium_large wp-image-4389\" alt=\"\" srcset=\"https:\/\/www.avconyacht.at\/wp-content\/uploads\/2024\/05\/sunreef-yachts-logo-white-official-768x112.png 768w, https:\/\/www.avconyacht.at\/wp-content\/uploads\/2024\/05\/sunreef-yachts-logo-white-official-300x44.png 300w, https:\/\/www.avconyacht.at\/wp-content\/uploads\/2024\/05\/sunreef-yachts-logo-white-official-1024x149.png 1024w, https:\/\/www.avconyacht.at\/wp-content\/uploads\/2024\/05\/sunreef-yachts-logo-white-official.png 1362w\" sizes=\"(max-width: 768px) 100vw, 768px\" \/>\t\t\t\t\t\t\t\t\t\t\t\t\t\t\t<\/div>\n\t\t<div class=\"elementor-element elementor-element-2d0922c e-con-full marke-image e-flex e-con e-child\" data-id=\"2d0922c\" data-element_type=\"container\" data-e-type=\"container\" data-settings=\"{&quot;background_background&quot;:&quot;classic&quot;}\">\n\t\t\t\t<\/div>\n\t\t\t\t<\/a>\n\t\t\t\t<\/div>\n\t\t<style id=\"loop-dynamic-4767\">.e-loop-item-4710 .elementor-element.elementor-element-2d0922c:not(.elementor-motion-effects-element-type-background), .e-loop-item-4710 .elementor-element.elementor-element-2d0922c > .elementor-motion-effects-container > .elementor-motion-effects-layer{background-image:url(\"https:\/\/www.avconyacht.at\/wp-content\/uploads\/2024\/03\/Princess_Brandfoto.webp\");}<\/style>\t\t<div data-elementor-type=\"loop-item\" data-elementor-id=\"4767\" class=\"elementor elementor-4767 elementor-1163 elementor-1163 e-loop-item e-loop-item-4710 post-4710 hersteller type-hersteller status-publish has-post-thumbnail hentry\" data-elementor-post-type=\"elementor_library\" data-custom-edit-handle=\"1\">\n\t\t\t<a class=\"elementor-element elementor-element-f77bf43 e-con-full marke-card e-flex e-con e-parent\" data-id=\"f77bf43\" data-element_type=\"container\" data-e-type=\"container\" href=\"\/en\/brands\/princess-yachts\/\">\n\t\t\t\t<div class=\"elementor-element elementor-element-3f0fd10 elementor-absolute logo elementor-widget elementor-widget-image\" data-id=\"3f0fd10\" data-element_type=\"widget\" data-e-type=\"widget\" data-settings=\"{&quot;_position&quot;:&quot;absolute&quot;}\" data-widget_type=\"image.default\">\n\t\t\t\t\t\t\t\t\t\t\t\t\t\t\t<img decoding=\"async\" width=\"629\" height=\"120\" src=\"https:\/\/www.avconyacht.at\/wp-content\/uploads\/2024\/03\/princess-logo-white-ai.png\" class=\"attachment-medium_large size-medium_large wp-image-4094\" alt=\"\" srcset=\"https:\/\/www.avconyacht.at\/wp-content\/uploads\/2024\/03\/princess-logo-white-ai.png 629w, https:\/\/www.avconyacht.at\/wp-content\/uploads\/2024\/03\/princess-logo-white-ai-300x57.png 300w\" sizes=\"(max-width: 629px) 100vw, 629px\" \/>\t\t\t\t\t\t\t\t\t\t\t\t\t\t\t<\/div>\n\t\t<div class=\"elementor-element elementor-element-2d0922c e-con-full marke-image e-flex e-con e-child\" data-id=\"2d0922c\" data-element_type=\"container\" data-e-type=\"container\" data-settings=\"{&quot;background_background&quot;:&quot;classic&quot;}\">\n\t\t\t\t<\/div>\n\t\t\t\t<\/a>\n\t\t\t\t<\/div>\n\t\t<style id=\"loop-dynamic-4767\">.e-loop-item-4709 .elementor-element.elementor-element-2d0922c:not(.elementor-motion-effects-element-type-background), .e-loop-item-4709 .elementor-element.elementor-element-2d0922c > .elementor-motion-effects-container > .elementor-motion-effects-layer{background-image:url(\"https:\/\/www.avconyacht.at\/wp-content\/uploads\/2024\/03\/Marian_M800_LakeStarnberg.webp\");}<\/style>\t\t<div data-elementor-type=\"loop-item\" data-elementor-id=\"4767\" class=\"elementor elementor-4767 elementor-1163 elementor-1163 e-loop-item e-loop-item-4709 post-4709 hersteller type-hersteller status-publish hentry marke-marian-yachts\" data-elementor-post-type=\"elementor_library\" data-custom-edit-handle=\"1\">\n\t\t\t<a class=\"elementor-element elementor-element-f77bf43 e-con-full marke-card e-flex e-con e-parent\" data-id=\"f77bf43\" data-element_type=\"container\" data-e-type=\"container\" href=\"\/en\/brands\/marian-boats\/\">\n\t\t\t\t<div class=\"elementor-element elementor-element-3f0fd10 elementor-absolute logo elementor-widget elementor-widget-image\" data-id=\"3f0fd10\" data-element_type=\"widget\" data-e-type=\"widget\" data-settings=\"{&quot;_position&quot;:&quot;absolute&quot;}\" data-widget_type=\"image.default\">\n\t\t\t\t\t\t\t\t\t\t\t\t\t\t\t<img decoding=\"async\" width=\"768\" height=\"110\" src=\"https:\/\/www.avconyacht.at\/wp-content\/uploads\/2024\/03\/Logo-Marian-Electric-Yachting-white-768x110.png\" class=\"attachment-medium_large size-medium_large wp-image-4095\" alt=\"\" srcset=\"https:\/\/www.avconyacht.at\/wp-content\/uploads\/2024\/03\/Logo-Marian-Electric-Yachting-white-768x110.png 768w, https:\/\/www.avconyacht.at\/wp-content\/uploads\/2024\/03\/Logo-Marian-Electric-Yachting-white-300x43.png 300w, https:\/\/www.avconyacht.at\/wp-content\/uploads\/2024\/03\/Logo-Marian-Electric-Yachting-white.png 840w\" sizes=\"(max-width: 768px) 100vw, 768px\" \/>\t\t\t\t\t\t\t\t\t\t\t\t\t\t\t<\/div>\n\t\t<div class=\"elementor-element elementor-element-2d0922c e-con-full marke-image e-flex e-con e-child\" data-id=\"2d0922c\" data-element_type=\"container\" data-e-type=\"container\" data-settings=\"{&quot;background_background&quot;:&quot;classic&quot;}\">\n\t\t\t\t<\/div>\n\t\t\t\t<\/a>\n\t\t\t\t<\/div>\n\t\t\t\t<\/div>\n\t\t\n\t\t\t\t\t\t<\/div>\n\t\t\t\t<\/div>\n\t\t\t\t\t<\/div>\n\t\t\t\t<\/div>\n\t\t\t\t<\/div>\n\t\t","protected":false},"excerpt":{"rendered":"<p>Discover our diverse selection of renowned brands that combine quality, innovation and exquisite design. From high-performance sports yachts to luxurious flybridge models, we offer a range that will delight any seafaring enthusiast. Find out about the latest models and find the yacht that perfectly suits your style and requirements. Our brands stand for outstanding seaworthiness, [&hellip;]<\/p>\n","protected":false},"author":2,"featured_media":0,"parent":0,"menu_order":0,"comment_status":"closed","ping_status":"closed","template":"","meta":{"_acf_changed":false,"footnotes":""},"folder":[18],"class_list":["post-4679","page","type-page","status-publish","hentry"],"acf":[],"yoast_head":"<!-- This site is optimized with the Yoast SEO plugin v27.5 - https:\/\/yoast.com\/product\/yoast-seo-wordpress\/ -->\n<title>Brands - Avcon Yacht<\/title>\n<meta name=\"description\" content=\"Explore top brands renowned for unmatched quality and design. Contact us at Avcon Yacht to find your ideal yacht today!\" \/>\n<meta name=\"robots\" content=\"noindex, nofollow\" \/>\n<meta property=\"og:locale\" content=\"en_US\" \/>\n<meta property=\"og:type\" content=\"article\" \/>\n<meta property=\"og:title\" content=\"Brands - Avcon Yacht\" \/>\n<meta property=\"og:description\" content=\"Explore top brands renowned for unmatched quality and design. Contact us at Avcon Yacht to find your ideal yacht today!\" \/>\n<meta property=\"og:url\" content=\"https:\/\/www.avconyacht.at\/en\/brands\/\" \/>\n<meta property=\"og:site_name\" content=\"Avcon Yacht\" \/>\n<meta property=\"article:modified_time\" content=\"2025-05-30T12:39:43+00:00\" \/>\n<meta name=\"twitter:card\" content=\"summary_large_image\" \/>\n<script type=\"application\/ld+json\" class=\"yoast-schema-graph\">{\"@context\":\"https:\\\/\\\/schema.org\",\"@graph\":[{\"@type\":\"WebPage\",\"@id\":\"https:\\\/\\\/www.avconyacht.at\\\/en\\\/brands\\\/\",\"url\":\"https:\\\/\\\/www.avconyacht.at\\\/en\\\/brands\\\/\",\"name\":\"Brands - Avcon Yacht\",\"isPartOf\":{\"@id\":\"https:\\\/\\\/www.avconyacht.at\\\/en\\\/#website\"},\"datePublished\":\"2025-02-11T10:56:36+00:00\",\"dateModified\":\"2025-05-30T12:39:43+00:00\",\"description\":\"Explore top brands renowned for unmatched quality and design. Contact us at Avcon Yacht to find your ideal yacht today!\",\"breadcrumb\":{\"@id\":\"https:\\\/\\\/www.avconyacht.at\\\/en\\\/brands\\\/#breadcrumb\"},\"inLanguage\":\"en-US\",\"potentialAction\":[{\"@type\":\"ReadAction\",\"target\":[\"https:\\\/\\\/www.avconyacht.at\\\/en\\\/brands\\\/\"]}]},{\"@type\":\"BreadcrumbList\",\"@id\":\"https:\\\/\\\/www.avconyacht.at\\\/en\\\/brands\\\/#breadcrumb\",\"itemListElement\":[{\"@type\":\"ListItem\",\"position\":1,\"name\":\"Startseite\",\"item\":\"https:\\\/\\\/www.avconyacht.at\\\/en\\\/luxury-yachts-in-austria-avcon-yacht\\\/\"},{\"@type\":\"ListItem\",\"position\":2,\"name\":\"Brands\"}]},{\"@type\":\"WebSite\",\"@id\":\"https:\\\/\\\/www.avconyacht.at\\\/en\\\/#website\",\"url\":\"https:\\\/\\\/www.avconyacht.at\\\/en\\\/\",\"name\":\"Avcon Yacht \u00d6sterreich\",\"description\":\"Erleben Sie erstklassige Luxusyachten in \u00d6sterreich bei Avcon Yacht. Besuchen Sie uns f\u00fcr exklusive Modelle und Top-Angebote!\",\"publisher\":{\"@id\":\"https:\\\/\\\/www.avconyacht.at\\\/en\\\/#organization\"},\"potentialAction\":[{\"@type\":\"SearchAction\",\"target\":{\"@type\":\"EntryPoint\",\"urlTemplate\":\"https:\\\/\\\/www.avconyacht.at\\\/en\\\/?s={search_term_string}\"},\"query-input\":{\"@type\":\"PropertyValueSpecification\",\"valueRequired\":true,\"valueName\":\"search_term_string\"}}],\"inLanguage\":\"en-US\"},{\"@type\":\"Organization\",\"@id\":\"https:\\\/\\\/www.avconyacht.at\\\/en\\\/#organization\",\"name\":\"Avcon Yacht \u00d6sterreich\",\"url\":\"https:\\\/\\\/www.avconyacht.at\\\/en\\\/\",\"logo\":{\"@type\":\"ImageObject\",\"inLanguage\":\"en-US\",\"@id\":\"https:\\\/\\\/www.avconyacht.at\\\/en\\\/#\\\/schema\\\/logo\\\/image\\\/\",\"url\":\"https:\\\/\\\/www.avconyacht.at\\\/wp-content\\\/uploads\\\/2024\\\/02\\\/Avcon-Yacht_Logo.svg\",\"contentUrl\":\"https:\\\/\\\/www.avconyacht.at\\\/wp-content\\\/uploads\\\/2024\\\/02\\\/Avcon-Yacht_Logo.svg\",\"width\":168,\"height\":36,\"caption\":\"Avcon Yacht \u00d6sterreich\"},\"image\":{\"@id\":\"https:\\\/\\\/www.avconyacht.at\\\/en\\\/#\\\/schema\\\/logo\\\/image\\\/\"}}]}<\/script>\n<!-- \/ Yoast SEO plugin. -->","yoast_head_json":{"title":"Brands - Avcon Yacht","description":"Explore top brands renowned for unmatched quality and design. Contact us at Avcon Yacht to find your ideal yacht today!","robots":{"index":"noindex","follow":"nofollow"},"og_locale":"en_US","og_type":"article","og_title":"Brands - Avcon Yacht","og_description":"Explore top brands renowned for unmatched quality and design. Contact us at Avcon Yacht to find your ideal yacht today!","og_url":"https:\/\/www.avconyacht.at\/en\/brands\/","og_site_name":"Avcon Yacht","article_modified_time":"2025-05-30T12:39:43+00:00","twitter_card":"summary_large_image","schema":{"@context":"https:\/\/schema.org","@graph":[{"@type":"WebPage","@id":"https:\/\/www.avconyacht.at\/en\/brands\/","url":"https:\/\/www.avconyacht.at\/en\/brands\/","name":"Brands - Avcon Yacht","isPartOf":{"@id":"https:\/\/www.avconyacht.at\/en\/#website"},"datePublished":"2025-02-11T10:56:36+00:00","dateModified":"2025-05-30T12:39:43+00:00","description":"Explore top brands renowned for unmatched quality and design. Contact us at Avcon Yacht to find your ideal yacht today!","breadcrumb":{"@id":"https:\/\/www.avconyacht.at\/en\/brands\/#breadcrumb"},"inLanguage":"en-US","potentialAction":[{"@type":"ReadAction","target":["https:\/\/www.avconyacht.at\/en\/brands\/"]}]},{"@type":"BreadcrumbList","@id":"https:\/\/www.avconyacht.at\/en\/brands\/#breadcrumb","itemListElement":[{"@type":"ListItem","position":1,"name":"Startseite","item":"https:\/\/www.avconyacht.at\/en\/luxury-yachts-in-austria-avcon-yacht\/"},{"@type":"ListItem","position":2,"name":"Brands"}]},{"@type":"WebSite","@id":"https:\/\/www.avconyacht.at\/en\/#website","url":"https:\/\/www.avconyacht.at\/en\/","name":"Avcon Yacht \u00d6sterreich","description":"Erleben Sie erstklassige Luxusyachten in \u00d6sterreich bei Avcon Yacht. Besuchen Sie uns f\u00fcr exklusive Modelle und Top-Angebote!","publisher":{"@id":"https:\/\/www.avconyacht.at\/en\/#organization"},"potentialAction":[{"@type":"SearchAction","target":{"@type":"EntryPoint","urlTemplate":"https:\/\/www.avconyacht.at\/en\/?s={search_term_string}"},"query-input":{"@type":"PropertyValueSpecification","valueRequired":true,"valueName":"search_term_string"}}],"inLanguage":"en-US"},{"@type":"Organization","@id":"https:\/\/www.avconyacht.at\/en\/#organization","name":"Avcon Yacht \u00d6sterreich","url":"https:\/\/www.avconyacht.at\/en\/","logo":{"@type":"ImageObject","inLanguage":"en-US","@id":"https:\/\/www.avconyacht.at\/en\/#\/schema\/logo\/image\/","url":"https:\/\/www.avconyacht.at\/wp-content\/uploads\/2024\/02\/Avcon-Yacht_Logo.svg","contentUrl":"https:\/\/www.avconyacht.at\/wp-content\/uploads\/2024\/02\/Avcon-Yacht_Logo.svg","width":168,"height":36,"caption":"Avcon Yacht \u00d6sterreich"},"image":{"@id":"https:\/\/www.avconyacht.at\/en\/#\/schema\/logo\/image\/"}}]}},"_links":{"self":[{"href":"https:\/\/www.avconyacht.at\/en\/wp-json\/wp\/v2\/pages\/4679","targetHints":{"allow":["GET"]}}],"collection":[{"href":"https:\/\/www.avconyacht.at\/en\/wp-json\/wp\/v2\/pages"}],"about":[{"href":"https:\/\/www.avconyacht.at\/en\/wp-json\/wp\/v2\/types\/page"}],"author":[{"embeddable":true,"href":"https:\/\/www.avconyacht.at\/en\/wp-json\/wp\/v2\/users\/2"}],"replies":[{"embeddable":true,"href":"https:\/\/www.avconyacht.at\/en\/wp-json\/wp\/v2\/comments?post=4679"}],"version-history":[{"count":3,"href":"https:\/\/www.avconyacht.at\/en\/wp-json\/wp\/v2\/pages\/4679\/revisions"}],"predecessor-version":[{"id":4811,"href":"https:\/\/www.avconyacht.at\/en\/wp-json\/wp\/v2\/pages\/4679\/revisions\/4811"}],"wp:attachment":[{"href":"https:\/\/www.avconyacht.at\/en\/wp-json\/wp\/v2\/media?parent=4679"}],"wp:term":[{"taxonomy":"folder","embeddable":true,"href":"https:\/\/www.avconyacht.at\/en\/wp-json\/wp\/v2\/folder?post=4679"}],"curies":[{"name":"wp","href":"https:\/\/api.w.org\/{rel}","templated":true}]}}